{"id":364,"date":"2024-06-26T18:34:26","date_gmt":"2024-06-26T16:34:26","guid":{"rendered":"https:\/\/moncommercesympa.fr\/?page_id=364"},"modified":"2024-08-09T18:52:51","modified_gmt":"2024-08-09T16:52:51","slug":"politique-des-cookies","status":"publish","type":"page","link":"https:\/\/moncommercesympa.fr\/?page_id=364","title":{"rendered":"Politique des Cookies"},"content":{"rendered":"<p>Notre site utilise des Cookies pour vous proposer une agr\u00e9able exp\u00e9rience lorsque vous naviguez sur \u00ab\u00a0mon commerce sympa\u00a0\u00bb.<\/p><p>Entreprise Individuelle, Mme St\u00e9phanie PLASSE<\/p><p>Vous pouvez me joindre par mail: contact@moncommercesympa.fr ou par courrier \u00e0 l&rsquo;adresse ci-dessous:<\/p><p>338a chemin de Saraillou 31340 VACQUIERS<\/p><p>Immatricul\u00e9e au RNE , num\u00e9ro SIREN 453 047 383 <\/p><p>Code APE: 6312Z<\/p><h3 class=\"wp-block-heading\">Qu&rsquo;est-ce qu&rsquo;un \u00ab\u00a0cookie\u00a0\u00bb ?<\/h3><p>Les cookies sont de petits fichiers texte qu&rsquo;un site web enregistre sur votre ordinateur ou votre appareil mobile lorsque vous visitez le site.<\/p><p>Ils facilitent votre exp\u00e9rience en ligne en sauvegardant les informations de navigation. Gr\u00e2ce aux cookies, les sites peuvent vous garder connect\u00e9, se souvenir de vos pr\u00e9f\u00e9rences de site et vous proposer un contenu personnalis\u00e9. Les cookies peuvent \u00e9galement \u00eatre utilis\u00e9s pour \u00e9tablir des statistiques sur l&rsquo;exp\u00e9rience de navigation et pour montrer des publicit\u00e9s cibl\u00e9es.<\/p><p>En g\u00e9n\u00e9ral, les cookies peuvent \u00eatre class\u00e9s par :<\/p><p>Domaine :<\/p><p>&#8211; Les cookies de premi\u00e8re partie sont \u00e9mis par un site web qu&rsquo;un utilisateur consulte directement.<\/p><p>&#8211; Les cookies tiers ne sont pas cr\u00e9\u00e9s par le site web consult\u00e9, mais par un tiers comme Google Analytics, DoubleClick, Facebook, Twitter, LinkedIn, Youtube, Vim\u0435o, etc.<\/p><p>Objectif :<\/p><p>&#8211; Les cookies strictement n\u00e9cessaires sont requis pour que le site web fonctionne correctement.<\/p><p>&#8211; Les cookies de pr\u00e9f\u00e9rences permettent \u00e0 un site web de se souvenir des choix que vous avez faits dans le pass\u00e9.<\/p><p>&#8211; Les cookies de statistiques aident le propri\u00e9taire du site web \u00e0 collecter des donn\u00e9es statistiques et \u00e0 comprendre comment les visiteurs interagissent avec le site web.<\/p><p>&#8211; Les cookies marketing suivent l&rsquo;activit\u00e9 en ligne de l&rsquo;utilisateur pour aider les annonceurs \u00e0 diffuser des publicit\u00e9s plus pertinentes.<\/p><p>Dur\u00e9e :<\/p><p>&#8211; Les cookies de session qui sont effac\u00e9s lorsque l&rsquo;utilisateur ferme le navigateur.<\/p><p>&#8211; Les cookies persistants qui restent sur le dispositif de l&rsquo;utilisateur pendant une certaine p\u00e9riode de temps, jusqu&rsquo;\u00e0 13 mois.<\/p><h3 class=\"wp-block-heading\">Quels sont les cookies et traceurs que nous utilisons ?<\/h3><p>Nous n&rsquo;utilisons que les  cookies n\u00e9cessaires au bon fonctionnement du site: statistiques informant sur le nombre de visiteurs, le parcours de navigation, les erreurs possibles c\u00f4t\u00e9 clients ou serveur&#8230;afin d&rsquo;am\u00e9liorer l&rsquo;optimisation et la s\u00e9curit\u00e9 du site web.<\/p><p>Les cookies n\u00e9cessaires sont activ\u00e9s en r\u00e9ponse au remplissage de formulaires ou de vos pr\u00e9f\u00e9rences en mati\u00e8re de confidentialit\u00e9 par exemple.<\/p><p>Ces cookies ne peuvent pas \u00eatre d\u00e9sactiv\u00e9s.<\/p><p>Les donn\u00e9es relatives \u00e0 la navigation des visiteurs ne sont pas exploit\u00e9es nominativement.<\/p><p><\/p><h3 class=\"wp-block-heading\">Consentement ou Refus concernant les cookies<\/h3><p>Quand vous arrivez pour la premi\u00e8re fois sur le site, un bandeau cookie vous propose d\u2019accepter ou de refuser les Cookies qui ne sont pas essentiels au fonctionnement du site. Vous pouvez refuser\/ d\u00e9sactiver les Cookies \u00e0 tout moment, \u00e0 l\u2019exception des Cookies n\u00e9cessaires au fonctionnement stable du site. Vous avez la possibilit\u00e9 de modifier \u00e0 tout moment vos pr\u00e9f\u00e9rences relatives \u00e0 la gestion des cookies.<\/p><p>Pour modifier vos souhaits en mati\u00e8re de cookies:<\/p><p> sur Internet Explorer:<\/p><p>https:\/\/windows.microsoft.com\/fr-FR\/windows-vista\/Block-or-allow-cookies<\/p><p>sur Chrome: <\/p><p>https:\/\/support.google.com\/chrome\/answer\/9564\/41=fr<\/p><p>Sur Mozilla Firefox:<\/p><p>https:\/\/support.mozilla.org\/fr\/kb\/cookies-informations-sites-enregistrent<\/p><p>Pour plus d&rsquo;information ou faire une r\u00e9clamation, veuillez consulter le site du CNIL: https:\/\/www.cnil.fr\/vos-droits\/vos-traces\/les-cookies\/<\/p><p>Derni\u00e8re mise \u00e0 jour: le 23\/07\/2024<\/p><p><\/p>","protected":false},"excerpt":{"rendered":"<p>Notre site utilise des Cookies pour vous proposer une agr\u00e9able exp\u00e9rience lorsque vous naviguez sur \u00ab\u00a0mon commerce sympa\u00a0\u00bb. Entreprise Individuelle, Mme St\u00e9phanie PLASSE Vous pouvez me joindre par mail: contact@moncommercesympa.fr ou par courrier \u00e0 l&rsquo;adresse ci-dessous: 338a chemin de Saraillou 31340 VACQUIERS Immatricul\u00e9e au RNE , num\u00e9ro SIREN 453 047 383 Code APE: 6312Z Qu&rsquo;est-ce [&hellip;]<\/p>\n","protected":false},"author":1,"featured_media":0,"parent":0,"menu_order":0,"comment_status":"closed","ping_status":"closed","template":"","meta":{"footnotes":""},"class_list":["post-364","page","type-page","status-publish","hentry"],"yoast_head":"<!-- This site is optimized with the Yoast SEO plugin v25.1 - https:\/\/yoast.com\/wordpress\/plugins\/seo\/ -->\n<title>Politique des Cookies - moncommercesympa.fr<\/title>\n<meta name=\"robots\" content=\"noindex, follow, max-snippet:-1, max-image-preview:large, max-video-preview:-1\" \/>\n<meta property=\"og:locale\" content=\"fr_FR\" \/>\n<meta property=\"og:type\" content=\"article\" \/>\n<meta property=\"og:title\" content=\"Politique des Cookies - moncommercesympa.fr\" \/>\n<meta property=\"og:description\" content=\"Notre site utilise des Cookies pour vous proposer une agr\u00e9able exp\u00e9rience lorsque vous naviguez sur \u00ab\u00a0mon commerce sympa\u00a0\u00bb. Entreprise Individuelle, Mme St\u00e9phanie PLASSE Vous pouvez me joindre par mail: contact@moncommercesympa.fr ou par courrier \u00e0 l&rsquo;adresse ci-dessous: 338a chemin de Saraillou 31340 VACQUIERS Immatricul\u00e9e au RNE , num\u00e9ro SIREN 453 047 383 Code APE: 6312Z Qu&rsquo;est-ce [&hellip;]\" \/>\n<meta property=\"og:url\" content=\"https:\/\/moncommercesympa.fr\/?page_id=364\" \/>\n<meta property=\"og:site_name\" content=\"moncommercesympa.fr\" \/>\n<meta property=\"article:modified_time\" content=\"2024-08-09T16:52:51+00:00\" \/>\n<meta name=\"twitter:card\" content=\"summary_large_image\" \/>\n<meta name=\"twitter:label1\" content=\"Dur\u00e9e de lecture estim\u00e9e\" \/>\n\t<meta name=\"twitter:data1\" content=\"3 minutes\" \/>\n<script type=\"application\/ld+json\" class=\"yoast-schema-graph\">{\"@context\":\"https:\/\/schema.org\",\"@graph\":[{\"@type\":\"WebPage\",\"@id\":\"https:\/\/moncommercesympa.fr\/?page_id=364\",\"url\":\"https:\/\/moncommercesympa.fr\/?page_id=364\",\"name\":\"Politique des Cookies - moncommercesympa.fr\",\"isPartOf\":{\"@id\":\"https:\/\/moncommercesympa.fr\/#website\"},\"datePublished\":\"2024-06-26T16:34:26+00:00\",\"dateModified\":\"2024-08-09T16:52:51+00:00\",\"breadcrumb\":{\"@id\":\"https:\/\/moncommercesympa.fr\/?page_id=364#breadcrumb\"},\"inLanguage\":\"fr-FR\",\"potentialAction\":[{\"@type\":\"ReadAction\",\"target\":[\"https:\/\/moncommercesympa.fr\/?page_id=364\"]}]},{\"@type\":\"BreadcrumbList\",\"@id\":\"https:\/\/moncommercesympa.fr\/?page_id=364#breadcrumb\",\"itemListElement\":[{\"@type\":\"ListItem\",\"position\":1,\"name\":\"Accueil\",\"item\":\"https:\/\/moncommercesympa.fr\/\"},{\"@type\":\"ListItem\",\"position\":2,\"name\":\"Politique des Cookies\"}]},{\"@type\":\"WebSite\",\"@id\":\"https:\/\/moncommercesympa.fr\/#website\",\"url\":\"https:\/\/moncommercesympa.fr\/\",\"name\":\"moncommercesympa.fr\",\"description\":\"\",\"publisher\":{\"@id\":\"https:\/\/moncommercesympa.fr\/#organization\"},\"potentialAction\":[{\"@type\":\"SearchAction\",\"target\":{\"@type\":\"EntryPoint\",\"urlTemplate\":\"https:\/\/moncommercesympa.fr\/?s={search_term_string}\"},\"query-input\":{\"@type\":\"PropertyValueSpecification\",\"valueRequired\":true,\"valueName\":\"search_term_string\"}}],\"inLanguage\":\"fr-FR\"},{\"@type\":\"Organization\",\"@id\":\"https:\/\/moncommercesympa.fr\/#organization\",\"name\":\"moncommercesympa.fr\",\"url\":\"https:\/\/moncommercesympa.fr\/\",\"logo\":{\"@type\":\"ImageObject\",\"inLanguage\":\"fr-FR\",\"@id\":\"https:\/\/moncommercesympa.fr\/#\/schema\/logo\/image\/\",\"url\":\"https:\/\/moncommercesympa.fr\/wp-content\/uploads\/2024\/07\/cropped-m-corriger2.png\",\"contentUrl\":\"https:\/\/moncommercesympa.fr\/wp-content\/uploads\/2024\/07\/cropped-m-corriger2.png\",\"width\":188,\"height\":188,\"caption\":\"moncommercesympa.fr\"},\"image\":{\"@id\":\"https:\/\/moncommercesympa.fr\/#\/schema\/logo\/image\/\"}}]}<\/script>\n<!-- \/ Yoast SEO plugin. -->","yoast_head_json":{"title":"Politique des Cookies - moncommercesympa.fr","robots":{"index":"noindex","follow":"follow","max-snippet":"max-snippet:-1","max-image-preview":"max-image-preview:large","max-video-preview":"max-video-preview:-1"},"og_locale":"fr_FR","og_type":"article","og_title":"Politique des Cookies - moncommercesympa.fr","og_description":"Notre site utilise des Cookies pour vous proposer une agr\u00e9able exp\u00e9rience lorsque vous naviguez sur \u00ab\u00a0mon commerce sympa\u00a0\u00bb. Entreprise Individuelle, Mme St\u00e9phanie PLASSE Vous pouvez me joindre par mail: contact@moncommercesympa.fr ou par courrier \u00e0 l&rsquo;adresse ci-dessous: 338a chemin de Saraillou 31340 VACQUIERS Immatricul\u00e9e au RNE , num\u00e9ro SIREN 453 047 383 Code APE: 6312Z Qu&rsquo;est-ce [&hellip;]","og_url":"https:\/\/moncommercesympa.fr\/?page_id=364","og_site_name":"moncommercesympa.fr","article_modified_time":"2024-08-09T16:52:51+00:00","twitter_card":"summary_large_image","twitter_misc":{"Dur\u00e9e de lecture estim\u00e9e":"3 minutes"},"schema":{"@context":"https:\/\/schema.org","@graph":[{"@type":"WebPage","@id":"https:\/\/moncommercesympa.fr\/?page_id=364","url":"https:\/\/moncommercesympa.fr\/?page_id=364","name":"Politique des Cookies - moncommercesympa.fr","isPartOf":{"@id":"https:\/\/moncommercesympa.fr\/#website"},"datePublished":"2024-06-26T16:34:26+00:00","dateModified":"2024-08-09T16:52:51+00:00","breadcrumb":{"@id":"https:\/\/moncommercesympa.fr\/?page_id=364#breadcrumb"},"inLanguage":"fr-FR","potentialAction":[{"@type":"ReadAction","target":["https:\/\/moncommercesympa.fr\/?page_id=364"]}]},{"@type":"BreadcrumbList","@id":"https:\/\/moncommercesympa.fr\/?page_id=364#breadcrumb","itemListElement":[{"@type":"ListItem","position":1,"name":"Accueil","item":"https:\/\/moncommercesympa.fr\/"},{"@type":"ListItem","position":2,"name":"Politique des Cookies"}]},{"@type":"WebSite","@id":"https:\/\/moncommercesympa.fr\/#website","url":"https:\/\/moncommercesympa.fr\/","name":"moncommercesympa.fr","description":"","publisher":{"@id":"https:\/\/moncommercesympa.fr\/#organization"},"potentialAction":[{"@type":"SearchAction","target":{"@type":"EntryPoint","urlTemplate":"https:\/\/moncommercesympa.fr\/?s={search_term_string}"},"query-input":{"@type":"PropertyValueSpecification","valueRequired":true,"valueName":"search_term_string"}}],"inLanguage":"fr-FR"},{"@type":"Organization","@id":"https:\/\/moncommercesympa.fr\/#organization","name":"moncommercesympa.fr","url":"https:\/\/moncommercesympa.fr\/","logo":{"@type":"ImageObject","inLanguage":"fr-FR","@id":"https:\/\/moncommercesympa.fr\/#\/schema\/logo\/image\/","url":"https:\/\/moncommercesympa.fr\/wp-content\/uploads\/2024\/07\/cropped-m-corriger2.png","contentUrl":"https:\/\/moncommercesympa.fr\/wp-content\/uploads\/2024\/07\/cropped-m-corriger2.png","width":188,"height":188,"caption":"moncommercesympa.fr"},"image":{"@id":"https:\/\/moncommercesympa.fr\/#\/schema\/logo\/image\/"}}]}},"_links":{"self":[{"href":"https:\/\/moncommercesympa.fr\/index.php?rest_route=\/wp\/v2\/pages\/364"}],"collection":[{"href":"https:\/\/moncommercesympa.fr\/index.php?rest_route=\/wp\/v2\/pages"}],"about":[{"href":"https:\/\/moncommercesympa.fr\/index.php?rest_route=\/wp\/v2\/types\/page"}],"author":[{"embeddable":true,"href":"https:\/\/moncommercesympa.fr\/index.php?rest_route=\/wp\/v2\/users\/1"}],"replies":[{"embeddable":true,"href":"https:\/\/moncommercesympa.fr\/index.php?rest_route=%2Fwp%2Fv2%2Fcomments&post=364"}],"version-history":[{"count":5,"href":"https:\/\/moncommercesympa.fr\/index.php?rest_route=\/wp\/v2\/pages\/364\/revisions"}],"predecessor-version":[{"id":683,"href":"https:\/\/moncommercesympa.fr\/index.php?rest_route=\/wp\/v2\/pages\/364\/revisions\/683"}],"wp:attachment":[{"href":"https:\/\/moncommercesympa.fr\/index.php?rest_route=%2Fwp%2Fv2%2Fmedia&parent=364"}],"curies":[{"name":"wp","href":"https:\/\/api.w.org\/{rel}","templated":true}]}}