{"id":222,"date":"2024-06-13T15:19:04","date_gmt":"2024-06-13T13:19:04","guid":{"rendered":"https:\/\/moncommercesympa.fr\/?page_id=222"},"modified":"2024-09-25T15:14:44","modified_gmt":"2024-09-25T13:14:44","slug":"a-propos-de-moncommercesympa","status":"publish","type":"page","link":"https:\/\/moncommercesympa.fr\/?page_id=222","title":{"rendered":"A propos"},"content":{"rendered":"<h1 class=\"wp-block-heading\">moncommercesympa:<\/h1><h2 class=\"wp-block-heading\">Qui sommes nous ?<\/h2><p>Mon commerce sympa, c&rsquo;est le projet d&rsquo;un duo m\u00e8re\/fille et la concr\u00e9tisation d&rsquo;une id\u00e9e, d\u00e9coulant de mon exp\u00e9rience de commer\u00e7ante ind\u00e9pendante:<\/p><p>comment attirer de nouveaux clients ?  comment montrer mes nouveaut\u00e9s, offres et promotions sans que cela ne me co\u00fbte un bras ?<\/p><p>Moi, c&rsquo;est St\u00e9phanie je m&rsquo;occupe de la partie administrative, et commerciale , apr\u00e8s la revente de mon commerce, j&rsquo;ai souhait\u00e9 prendre du temps pour moi  ( sans pour autant rester inactive).<\/p><p> Je me suis donc lanc\u00e9e dans la r\u00e9novation int\u00e9rieure de ma maison, puis celle de mon p\u00e8re et d&rsquo;une troisi\u00e8me (quand on aime, on ne compte pas)  : peinture, papier peint, relooking de meubles, couture&#8230;le bricolage j&rsquo;adore !<\/p><p>Audrey, ma fille, est dessinatrice , elle g\u00e8re toute la partie technique et esth\u00e9tique du site; c&rsquo;est l&rsquo;auteure de  la mini BD imprim\u00e9e sur les flyers. <\/p><p>( une petite histoire courte de 4 sc\u00e8nes qui se veut humoristique,  la 1\u00e8re d&rsquo;une longue s\u00e9rie ?  en tout cas nous l&rsquo;esp\u00e9rons&#8230;)<\/p><figure class=\"wp-block-image size-full\"><img loading=\"lazy\" decoding=\"async\" width=\"575\" height=\"809\" src=\"https:\/\/moncommercesympa.fr\/wp-content\/uploads\/2024\/09\/pub-commune-resaux.png\" alt=\"\" class=\"wp-image-804\" srcset=\"https:\/\/moncommercesympa.fr\/wp-content\/uploads\/2024\/09\/pub-commune-resaux.png 575w, https:\/\/moncommercesympa.fr\/wp-content\/uploads\/2024\/09\/pub-commune-resaux-213x300.png 213w\" sizes=\"(max-width: 575px) 100vw, 575px\" \/><\/figure><h2 class=\"wp-block-heading\">POUR QUI ?<\/h2><p>Pour tous les commer\u00e7ants ind\u00e9pendants .<\/p><p>Quel que soit votre domaine : alimentation, animaux, beaut\u00e9 et sant\u00e9, commerces ambulants, hight-tech &#8230;<\/p><p><\/p><p><\/p><h2 class=\"wp-block-heading\">QUE PROPOSONS NOUS ?<\/h2><p>Sur \u00a0\u00bb mon commerce sympa\u00a0\u00bb vous postez votre annonce : un descriptif de ce que vous proposez plus 10 photos . <\/p><p>C&rsquo;est Simple et Rapide.<\/p><p>Vous pouvez noter toutes vos coordonn\u00e9es: nom commercial, adresse, horaires, NOTEZ LE NOM DE VOTRE PROPRE SITE WEB  (le cas \u00e9ch\u00e9ant) et vos r\u00e9seaux sociaux&#8230;le but \u00e9tant de compl\u00e9ter et de relayer vos canaux de communication habituels car on ne fait jamais trop de PUBLICITE !<\/p><p>Si vous n&rsquo;avez pas de site internet, \u00ab\u00a0moncommercesympa\u00a0\u00bb peut vous \u00eatre utile, en vous permettant de poster vos plus beaux produits.<\/p><p> Votre premi\u00e8re annonce est GRATUITE, et sans engagement .<\/p><p>Cet essai gratuit vous propose donc : une annonce, 10 photos, en ligne pendant 6 mois (au lieu de 3) pour le lancement du site, la g\u00e9olocalisation, et la messagerie.<\/p><p>Ensuite ?  si vous trouvez que nous formons une bonne \u00e9quipe \ud83d\ude42 nous proposons 3 forfaits payants ( avec options diff\u00e9rentes)  au choix, \u00e0 des prix tr\u00e8s accessibles (voir les CGV ). <\/p><h2 class=\"wp-block-heading\">Comment ?<\/h2><ul class=\"wp-block-list\"><li>De votre c\u00f4t\u00e9: l&rsquo;inscription ne prend que quelques minutes, rajoutez vos photos , votre annonce et c&rsquo;est tout !<\/li>\n\n<li>Vous venez de vous inscrire ? vous pouvez imprimer et afficher le flyer \u00ab\u00a0MES OFFRES, MES CREATIONS SUR MON COMMERCE SYMPA\u00a0\u00bb<\/li>\n\n<li>De notre c\u00f4t\u00e9: outre le r\u00e9f\u00e9rencement naturel, mon commerce sympa fonctionne en bin\u00f4me avec le site : <a href=\"https:\/\/artisanasuivre.fr\/\">\u00ab\u00a0artisanasuivre.fr\u00a0\u00bb<\/a><\/li>\n\n<li>La publicit\u00e9 pour le site \u00ab\u00a0moncommercesympa\u00a0\u00bb est \u00e9galement distribu\u00e9e dans les commerces \u00e0 disposition de la client\u00e8le, et \u00e9galement sur les march\u00e9s et foires .<\/li><\/ul><p><\/p><p class=\"has-text-align-center has-medium-font-size\">                                                                                             <strong>\u00ab\u00a0&#8230; A PLUSIEURS ON VA PLUS LOIN \u00ab\u00a0<\/strong><\/p><p class=\"has-text-align-center has-medium-font-size\"><strong>     REJOIGNEZ NOUS DES MAINTENANT  SUR <a href=\"https:\/\/moncommercesympa.fr\/\">MONCOMMERCESYMPA<\/a>!<\/strong><\/p><p><\/p><p>Des Questions ? <a href=\"https:\/\/moncommercesympa.fr\/?page_id=311\">Contact@moncommercesympa.fr<\/a><\/p><p>Le site \u00ab\u00a0mon commerce sympa\u00a0\u00bb et son nom de domaine sont la propri\u00e9t\u00e9 de l&rsquo;entreprise: St\u00e9phanie PLASSE (EI) .<\/p><div data-wp-interactive=\"core\/file\" class=\"wp-block-file\"><object data-wp-bind--hidden=\"!state.hasPdfPreview\"  class=\"wp-block-file__embed\" data=\"https:\/\/moncommercesympa.fr\/wp-content\/uploads\/2024\/09\/affiche-moncommercesympa.pdf\" type=\"application\/pdf\" style=\"width:100%;height:600px\" aria-label=\"Contenu embarqu\u00e9 affiche moncommercesympa.\"><\/object><a id=\"wp-block-file--media-71a6d9ea-b01c-454f-8c09-d286dc0a459d\" href=\"https:\/\/moncommercesympa.fr\/wp-content\/uploads\/2024\/09\/affiche-moncommercesympa.pdf\">affiche moncommercesympa<\/a><a href=\"https:\/\/moncommercesympa.fr\/wp-content\/uploads\/2024\/09\/affiche-moncommercesympa.pdf\" class=\"wp-block-file__button wp-element-button\" download aria-describedby=\"wp-block-file--media-71a6d9ea-b01c-454f-8c09-d286dc0a459d\">T\u00e9l\u00e9charger<\/a><\/div><p><\/p>","protected":false},"excerpt":{"rendered":"<p>moncommercesympa: Qui sommes nous ? Mon commerce sympa, c&rsquo;est le projet d&rsquo;un duo m\u00e8re\/fille et la concr\u00e9tisation d&rsquo;une id\u00e9e, d\u00e9coulant de mon exp\u00e9rience de commer\u00e7ante ind\u00e9pendante: comment attirer de nouveaux clients ? comment montrer mes nouveaut\u00e9s, offres et promotions sans que cela ne me co\u00fbte un bras ? Moi, c&rsquo;est St\u00e9phanie je m&rsquo;occupe de la [&hellip;]<\/p>\n","protected":false},"author":1,"featured_media":0,"parent":0,"menu_order":0,"comment_status":"closed","ping_status":"closed","template":"","meta":{"footnotes":""},"class_list":["post-222","page","type-page","status-publish","hentry"],"yoast_head":"<!-- This site is optimized with the Yoast SEO plugin v25.1 - https:\/\/yoast.com\/wordpress\/plugins\/seo\/ -->\n<title>A propos - moncommercesympa.fr<\/title>\n<meta name=\"description\" content=\"&quot;Mon commerce sympa&quot; permet la mise en relation entre professionnels et clients ,pour promouvoir l&#039;achat de proximit\u00e9. D\u00e9taillants, grossistes, commer\u00e7ants ambulants, vous partagez des valeurs communes: la mise en valeur de vos produits, l&#039;accueil et la satisfaction des clients, le renouvellement permanent des offres propos\u00e9es....\" \/>\n<meta name=\"robots\" content=\"noindex, follow, max-snippet:-1, max-image-preview:large, max-video-preview:-1\" \/>\n<meta property=\"og:locale\" content=\"fr_FR\" \/>\n<meta property=\"og:type\" content=\"article\" \/>\n<meta property=\"og:title\" content=\"A propos - moncommercesympa.fr\" \/>\n<meta property=\"og:description\" content=\"&quot;Mon commerce sympa&quot; permet la mise en relation entre professionnels et clients ,pour promouvoir l&#039;achat de proximit\u00e9. D\u00e9taillants, grossistes, commer\u00e7ants ambulants, vous partagez des valeurs communes: la mise en valeur de vos produits, l&#039;accueil et la satisfaction des clients, le renouvellement permanent des offres propos\u00e9es....\" \/>\n<meta property=\"og:url\" content=\"https:\/\/moncommercesympa.fr\/?page_id=222\" \/>\n<meta property=\"og:site_name\" content=\"moncommercesympa.fr\" \/>\n<meta property=\"article:modified_time\" content=\"2024-09-25T13:14:44+00:00\" \/>\n<meta property=\"og:image\" content=\"https:\/\/moncommercesympa.fr\/wp-content\/uploads\/2024\/09\/pub-commune-resaux.png\" \/>\n<meta name=\"twitter:card\" content=\"summary_large_image\" \/>\n<meta name=\"twitter:label1\" content=\"Dur\u00e9e de lecture estim\u00e9e\" \/>\n\t<meta name=\"twitter:data1\" content=\"3 minutes\" \/>\n<script type=\"application\/ld+json\" class=\"yoast-schema-graph\">{\"@context\":\"https:\/\/schema.org\",\"@graph\":[{\"@type\":\"WebPage\",\"@id\":\"https:\/\/moncommercesympa.fr\/?page_id=222\",\"url\":\"https:\/\/moncommercesympa.fr\/?page_id=222\",\"name\":\"A propos - moncommercesympa.fr\",\"isPartOf\":{\"@id\":\"https:\/\/moncommercesympa.fr\/#website\"},\"primaryImageOfPage\":{\"@id\":\"https:\/\/moncommercesympa.fr\/?page_id=222#primaryimage\"},\"image\":{\"@id\":\"https:\/\/moncommercesympa.fr\/?page_id=222#primaryimage\"},\"thumbnailUrl\":\"https:\/\/moncommercesympa.fr\/wp-content\/uploads\/2024\/09\/pub-commune-resaux.png\",\"datePublished\":\"2024-06-13T13:19:04+00:00\",\"dateModified\":\"2024-09-25T13:14:44+00:00\",\"description\":\"\\\"Mon commerce sympa\\\" permet la mise en relation entre professionnels et clients ,pour promouvoir l'achat de proximit\u00e9. D\u00e9taillants, grossistes, commer\u00e7ants ambulants, vous partagez des valeurs communes: la mise en valeur de vos produits, l'accueil et la satisfaction des clients, le renouvellement permanent des offres propos\u00e9es....\",\"breadcrumb\":{\"@id\":\"https:\/\/moncommercesympa.fr\/?page_id=222#breadcrumb\"},\"inLanguage\":\"fr-FR\",\"potentialAction\":[{\"@type\":\"ReadAction\",\"target\":[\"https:\/\/moncommercesympa.fr\/?page_id=222\"]}]},{\"@type\":\"ImageObject\",\"inLanguage\":\"fr-FR\",\"@id\":\"https:\/\/moncommercesympa.fr\/?page_id=222#primaryimage\",\"url\":\"https:\/\/moncommercesympa.fr\/wp-content\/uploads\/2024\/09\/pub-commune-resaux.png\",\"contentUrl\":\"https:\/\/moncommercesympa.fr\/wp-content\/uploads\/2024\/09\/pub-commune-resaux.png\",\"width\":575,\"height\":809},{\"@type\":\"BreadcrumbList\",\"@id\":\"https:\/\/moncommercesympa.fr\/?page_id=222#breadcrumb\",\"itemListElement\":[{\"@type\":\"ListItem\",\"position\":1,\"name\":\"Accueil\",\"item\":\"https:\/\/moncommercesympa.fr\/\"},{\"@type\":\"ListItem\",\"position\":2,\"name\":\"A propos\"}]},{\"@type\":\"WebSite\",\"@id\":\"https:\/\/moncommercesympa.fr\/#website\",\"url\":\"https:\/\/moncommercesympa.fr\/\",\"name\":\"moncommercesympa.fr\",\"description\":\"\",\"publisher\":{\"@id\":\"https:\/\/moncommercesympa.fr\/#organization\"},\"potentialAction\":[{\"@type\":\"SearchAction\",\"target\":{\"@type\":\"EntryPoint\",\"urlTemplate\":\"https:\/\/moncommercesympa.fr\/?s={search_term_string}\"},\"query-input\":{\"@type\":\"PropertyValueSpecification\",\"valueRequired\":true,\"valueName\":\"search_term_string\"}}],\"inLanguage\":\"fr-FR\"},{\"@type\":\"Organization\",\"@id\":\"https:\/\/moncommercesympa.fr\/#organization\",\"name\":\"moncommercesympa.fr\",\"url\":\"https:\/\/moncommercesympa.fr\/\",\"logo\":{\"@type\":\"ImageObject\",\"inLanguage\":\"fr-FR\",\"@id\":\"https:\/\/moncommercesympa.fr\/#\/schema\/logo\/image\/\",\"url\":\"https:\/\/moncommercesympa.fr\/wp-content\/uploads\/2024\/07\/cropped-m-corriger2.png\",\"contentUrl\":\"https:\/\/moncommercesympa.fr\/wp-content\/uploads\/2024\/07\/cropped-m-corriger2.png\",\"width\":188,\"height\":188,\"caption\":\"moncommercesympa.fr\"},\"image\":{\"@id\":\"https:\/\/moncommercesympa.fr\/#\/schema\/logo\/image\/\"}}]}<\/script>\n<!-- \/ Yoast SEO plugin. -->","yoast_head_json":{"title":"A propos - moncommercesympa.fr","description":"\"Mon commerce sympa\" permet la mise en relation entre professionnels et clients ,pour promouvoir l'achat de proximit\u00e9. D\u00e9taillants, grossistes, commer\u00e7ants ambulants, vous partagez des valeurs communes: la mise en valeur de vos produits, l'accueil et la satisfaction des clients, le renouvellement permanent des offres propos\u00e9es....","robots":{"index":"noindex","follow":"follow","max-snippet":"max-snippet:-1","max-image-preview":"max-image-preview:large","max-video-preview":"max-video-preview:-1"},"og_locale":"fr_FR","og_type":"article","og_title":"A propos - moncommercesympa.fr","og_description":"\"Mon commerce sympa\" permet la mise en relation entre professionnels et clients ,pour promouvoir l'achat de proximit\u00e9. D\u00e9taillants, grossistes, commer\u00e7ants ambulants, vous partagez des valeurs communes: la mise en valeur de vos produits, l'accueil et la satisfaction des clients, le renouvellement permanent des offres propos\u00e9es....","og_url":"https:\/\/moncommercesympa.fr\/?page_id=222","og_site_name":"moncommercesympa.fr","article_modified_time":"2024-09-25T13:14:44+00:00","og_image":[{"url":"https:\/\/moncommercesympa.fr\/wp-content\/uploads\/2024\/09\/pub-commune-resaux.png","type":"","width":"","height":""}],"twitter_card":"summary_large_image","twitter_misc":{"Dur\u00e9e de lecture estim\u00e9e":"3 minutes"},"schema":{"@context":"https:\/\/schema.org","@graph":[{"@type":"WebPage","@id":"https:\/\/moncommercesympa.fr\/?page_id=222","url":"https:\/\/moncommercesympa.fr\/?page_id=222","name":"A propos - moncommercesympa.fr","isPartOf":{"@id":"https:\/\/moncommercesympa.fr\/#website"},"primaryImageOfPage":{"@id":"https:\/\/moncommercesympa.fr\/?page_id=222#primaryimage"},"image":{"@id":"https:\/\/moncommercesympa.fr\/?page_id=222#primaryimage"},"thumbnailUrl":"https:\/\/moncommercesympa.fr\/wp-content\/uploads\/2024\/09\/pub-commune-resaux.png","datePublished":"2024-06-13T13:19:04+00:00","dateModified":"2024-09-25T13:14:44+00:00","description":"\"Mon commerce sympa\" permet la mise en relation entre professionnels et clients ,pour promouvoir l'achat de proximit\u00e9. D\u00e9taillants, grossistes, commer\u00e7ants ambulants, vous partagez des valeurs communes: la mise en valeur de vos produits, l'accueil et la satisfaction des clients, le renouvellement permanent des offres propos\u00e9es....","breadcrumb":{"@id":"https:\/\/moncommercesympa.fr\/?page_id=222#breadcrumb"},"inLanguage":"fr-FR","potentialAction":[{"@type":"ReadAction","target":["https:\/\/moncommercesympa.fr\/?page_id=222"]}]},{"@type":"ImageObject","inLanguage":"fr-FR","@id":"https:\/\/moncommercesympa.fr\/?page_id=222#primaryimage","url":"https:\/\/moncommercesympa.fr\/wp-content\/uploads\/2024\/09\/pub-commune-resaux.png","contentUrl":"https:\/\/moncommercesympa.fr\/wp-content\/uploads\/2024\/09\/pub-commune-resaux.png","width":575,"height":809},{"@type":"BreadcrumbList","@id":"https:\/\/moncommercesympa.fr\/?page_id=222#breadcrumb","itemListElement":[{"@type":"ListItem","position":1,"name":"Accueil","item":"https:\/\/moncommercesympa.fr\/"},{"@type":"ListItem","position":2,"name":"A propos"}]},{"@type":"WebSite","@id":"https:\/\/moncommercesympa.fr\/#website","url":"https:\/\/moncommercesympa.fr\/","name":"moncommercesympa.fr","description":"","publisher":{"@id":"https:\/\/moncommercesympa.fr\/#organization"},"potentialAction":[{"@type":"SearchAction","target":{"@type":"EntryPoint","urlTemplate":"https:\/\/moncommercesympa.fr\/?s={search_term_string}"},"query-input":{"@type":"PropertyValueSpecification","valueRequired":true,"valueName":"search_term_string"}}],"inLanguage":"fr-FR"},{"@type":"Organization","@id":"https:\/\/moncommercesympa.fr\/#organization","name":"moncommercesympa.fr","url":"https:\/\/moncommercesympa.fr\/","logo":{"@type":"ImageObject","inLanguage":"fr-FR","@id":"https:\/\/moncommercesympa.fr\/#\/schema\/logo\/image\/","url":"https:\/\/moncommercesympa.fr\/wp-content\/uploads\/2024\/07\/cropped-m-corriger2.png","contentUrl":"https:\/\/moncommercesympa.fr\/wp-content\/uploads\/2024\/07\/cropped-m-corriger2.png","width":188,"height":188,"caption":"moncommercesympa.fr"},"image":{"@id":"https:\/\/moncommercesympa.fr\/#\/schema\/logo\/image\/"}}]}},"_links":{"self":[{"href":"https:\/\/moncommercesympa.fr\/index.php?rest_route=\/wp\/v2\/pages\/222"}],"collection":[{"href":"https:\/\/moncommercesympa.fr\/index.php?rest_route=\/wp\/v2\/pages"}],"about":[{"href":"https:\/\/moncommercesympa.fr\/index.php?rest_route=\/wp\/v2\/types\/page"}],"author":[{"embeddable":true,"href":"https:\/\/moncommercesympa.fr\/index.php?rest_route=\/wp\/v2\/users\/1"}],"replies":[{"embeddable":true,"href":"https:\/\/moncommercesympa.fr\/index.php?rest_route=%2Fwp%2Fv2%2Fcomments&post=222"}],"version-history":[{"count":45,"href":"https:\/\/moncommercesympa.fr\/index.php?rest_route=\/wp\/v2\/pages\/222\/revisions"}],"predecessor-version":[{"id":817,"href":"https:\/\/moncommercesympa.fr\/index.php?rest_route=\/wp\/v2\/pages\/222\/revisions\/817"}],"wp:attachment":[{"href":"https:\/\/moncommercesympa.fr\/index.php?rest_route=%2Fwp%2Fv2%2Fmedia&parent=222"}],"curies":[{"name":"wp","href":"https:\/\/api.w.org\/{rel}","templated":true}]}}